{"id":761,"date":"2018-11-14T10:03:44","date_gmt":"2018-11-14T10:03:44","guid":{"rendered":"https:\/\/escenografia.etlds.site\/casa\/"},"modified":"2026-02-09T23:19:46","modified_gmt":"2026-02-09T23:19:46","slug":"casa","status":"publish","type":"page","link":"https:\/\/escenografia.etlds.site\/es\/","title":{"rendered":"Inicio"},"content":{"rendered":"<div class=\"et_pb_section_0 et_pb_section et_section_regular et_block_section\"><div class=\"et_pb_row_0 et_pb_row et_block_row\"><div class=\"et_pb_column_0 et_pb_column et_pb_column_4_4 et-last-child et_block_column et_pb_css_mix_blend_mode_passthrough\"><div class=\"et_pb_slider_0 et_pb_slider et_pb_slider_fullwidth_off et_pb_module et_block_module\"><div class=\"et_pb_slides\"><div class=\"et_pb_slide_0 et_pb_slide et_pb_slider_with_overlay et_pb_media_alignment_center et_pb_bg_layout_dark\" data-slide-id=\"divi\/slide-0\"><div class=\"et_pb_slide_overlay_container\"><\/div><div class=\"et_pb_container\"><div class=\"et_pb_slider_container_inner\"><div class=\"et_pb_slide_description\"><h2 class=\"et_pb_slide_title\"><a href=\"https:\/\/escenografia.etlds.site\/es\/contacto\/\" target=\"\" class=\"et_pb_slide_title_link\">Asociaci\u00f3n de Escen\u00f3grafos de Catalu\u00f1a<\/a><\/h2><div class=\"et_pb_slide_content\"><p>La Asociaci\u00f3n de Escen\u00f3grafos de Catalu\u00f1a naci\u00f3 en Barcelona en 1998 con el objetivo de organizar, representar y defender los intereses de los escen\u00f3grafos, as\u00ed como promover y difundir su trabajo.<\/p>\n<\/div><div class=\"et_pb_button_wrapper\"><a class=\"et_pb_button et_pb_more_button\" href=\"https:\/\/escenografia.etlds.site\/es\/contacto\/\">Contacto<\/a><\/div><\/div><\/div><\/div><\/div><\/div><\/div><\/div><\/div><div class=\"et_pb_row_1 et_pb_row et_block_row\"><div class=\"et_pb_column_1 et_pb_column et_pb_column_4_4 et-last-child et_block_column et_pb_css_mix_blend_mode_passthrough\"><div class=\"et_pb_text_0 et_pb_text et_pb_bg_layout_light et_pb_module et_block_module et_pb_text_align_center\"><div class=\"et_pb_text_inner\"><p><span><strong>\u00a0 \u00a0<\/strong><strong>Espect\u00e1culo:\u00a0 <\/strong>FAUST<strong>\u00a0 \u00a0Escenograf\u00eda:<\/strong> ALFONS FLORES\u00a0 \u00a0<\/span><span><strong>Vestuario:<\/strong> LLUC CASTELLS\u00a0 \u00a0<\/span><strong>Iluminaci\u00f3n:\u00a0 <\/strong>Urs Sch\u00f6enebaum<strong>\u00a0 \u00a0<\/strong><span><strong>Cia.<\/strong> LA FURA DELS BAUS\u00a0 \u00a0<\/span><span><strong>Direcci\u00f3n:<\/strong> Alex Oll\u00e9\u00a0 \u00a0<\/span><strong>Fotograf\u00eda:\u00a0 <\/strong>Ruth Walz<\/p>\n<\/div><\/div><\/div><\/div><div class=\"et_pb_row_2 et_pb_row et_block_row\"><div class=\"et_pb_column_2 et_pb_column et_pb_column_4_4 et-last-child et_block_column et_pb_css_mix_blend_mode_passthrough\"><div class=\"et_pb_text_1 et_pb_text et_pb_bg_layout_light et_pb_module et_block_module\"><div class=\"et_pb_text_inner\"><h3><strong>\u00daLTIMAS NOTICIAS<\/strong><\/h3>\n<\/div><\/div><\/div><\/div><\/div><div class=\"et_pb_section_1 et_pb_section et_section_regular et_block_section\"><div class=\"et_pb_row_3 et_pb_row et_block_row\"><div class=\"et_pb_column_3 et_pb_column et_pb_column_3_5 et_block_column et_pb_css_mix_blend_mode_passthrough\"><div class=\"et_pb_blog_0 et_pb_blog et_pb_bg_layout_light et_pb_posts et_pb_module\"><div class=\"et_pb_ajax_pagination_container\"><div class=\"et_pb_posts et_flex_module\"><article class=\"et_pb_post et_pb_post_id_1766 clearfix et_pb_no_thumb et_pb_blog_item_0_0 post-1766 post type-post status-publish format-standard hentry category-noticias\"><h2 class=\"entry-title\"><a href=\"https:\/\/escenografia.etlds.site\/es\/los-premios-de-la-critica-2022\/\">Los Premios de la Cr\u00edtica 2022<\/a><\/h2><p class=\"post-meta\"><span class=\"published\">Mar 30, 2022<\/span> | <span class=\"entry-categories\"><a href=\"https:\/\/escenografia.etlds.site\/es\/category\/noticias\/\" rel=\"tag\">Noticias<\/a><\/span><\/p><div class=\"post-content\"><div class=\"post-content-inner\"><p>Los XXIV Premis de la Cr\u00edtica d\u2019Arts Esc\u00e8niques fueron entregados de forma presencial en el Teatro Romea de Barcelona y en retrasmisi\u00f3n en directo por streaming el pasado 21 de marzo de 2022. Los premiados por Espacio Esc\u00e9nico ha\u00a0 sido para Max Glaenzel (Barcelona&#8230;<\/p>\n<\/div><a href=\"https:\/\/escenografia.etlds.site\/es\/los-premios-de-la-critica-2022\/\" class=\"more-link\">leer m\u00e1s&#8230;<\/a><\/div><\/article><article class=\"et_pb_post et_pb_post_id_1748 clearfix et_pb_no_thumb et_pb_blog_item_0_1 post-1748 post type-post status-publish format-standard hentry category-noticias\"><h2 class=\"entry-title\"><a href=\"https:\/\/escenografia.etlds.site\/es\/isidre-prunes-el-escenografo-es-la-estrella\/\">ISIDRE PRUN\u00c9S, EL ESCEN\u00d3GRAFO ES LA ESTRELLA<\/a><\/h2><p class=\"post-meta\"><span class=\"published\">Feb 24, 2022<\/span> | <span class=\"entry-categories\"><a href=\"https:\/\/escenografia.etlds.site\/es\/category\/noticias\/\" rel=\"tag\">Noticias<\/a><\/span><\/p><div class=\"post-content\"><div class=\"post-content-inner\"><p>\u00a0 ISIDRE PRUN\u00c9S, L&#8217;ESCEN\u00d2GRAF \u00c9S L&#8217;ESTRELLA Se ha inaugurado la exposici\u00f3n dedicada al escen\u00f3grafo Isidre Prun\u00e9s en la sala del MAE del Institut del Teatre , plaza Margarida Xirgu s\/n de Barcelona. La exposici\u00f3n permanecer\u00e1 abierta hasta el 30 de junio del&#8230;<\/p>\n<\/div><a href=\"https:\/\/escenografia.etlds.site\/es\/isidre-prunes-el-escenografo-es-la-estrella\/\" class=\"more-link\">leer m\u00e1s&#8230;<\/a><\/div><\/article><article class=\"et_pb_post et_pb_post_id_1733 clearfix et_pb_no_thumb et_pb_blog_item_0_2 post-1733 post type-post status-publish format-standard hentry category-noticias\"><h2 class=\"entry-title\"><a href=\"https:\/\/escenografia.etlds.site\/es\/otras-autorias-coloquios-prefuncion-2\/\">Otras autor\u00edas &#8211; Coloquios prefunci\u00f3n<\/a><\/h2><p class=\"post-meta\"><span class=\"published\">Feb 22, 2022<\/span> | <span class=\"entry-categories\"><a href=\"https:\/\/escenografia.etlds.site\/es\/category\/noticias\/\" rel=\"tag\">Noticias<\/a><\/span><\/p><div class=\"post-content\"><div class=\"post-content-inner\"><p>Retomamos el ciclo Otras autor\u00edas \u00b4Coloquios prefunci\u00f3n que es realizan en el Teatre Lliure de Montju\u00efc con la colaboraci\u00f3n de l\u2019Asociaci\u00f3n de Autores de Iluminaci\u00f3n y l\u2019Associaci\u00f3 d\u2019Escenogr\u00e0fs de Catalunya. La pr\u00f3xima sesi\u00f3n ser\u00e1 el pr\u00f3ximo d\u00eda 25 de febrero a les&#8230;<\/p>\n<\/div><a href=\"https:\/\/escenografia.etlds.site\/es\/otras-autorias-coloquios-prefuncion-2\/\" class=\"more-link\">leer m\u00e1s&#8230;<\/a><\/div><\/article><\/div><div class=\"pagination clearfix\">\n\t<div class=\"alignleft\"><a href=\"https:\/\/escenografia.etlds.site\/es\/wp-json\/wp\/v2\/pages\/761\/page\/2\/?et_blog\" >  \u00ab Entradas m\u00e1s antiguas<\/a><\/div>\n\t<div class=\"alignright\"><\/div>\n<\/div><\/div><\/div><\/div><div class=\"et_pb_column_4 et_pb_column et_pb_column_2_5 et-last-child et_block_column et_pb_css_mix_blend_mode_passthrough\"><div class=\"et_pb_image_0 et_pb_image et_pb_module et_block_module\"><a href=\"https:\/\/temporada-alta.com\/?utm_source=TA21&#038;utm_medium=mitjans+guanyats&#038;utm_campaign=Associacio+escenografs+catalunya\" target=\"_blank\"><span class=\"et_pb_image_wrap\"><img loading=\"lazy\" decoding=\"async\" src=\"https:\/\/escenografia.etlds.site\/wp-content\/uploads\/2025\/07\/AF_TA25_logo-negre72pp-1.png\" width=\"879\" height=\"445\" srcset=\"https:\/\/escenografia.etlds.site\/wp-content\/uploads\/2025\/07\/AF_TA25_logo-negre72pp-1.png 879w, https:\/\/escenografia.etlds.site\/wp-content\/uploads\/2025\/07\/AF_TA25_logo-negre72pp-1-480x243.png 480w\" sizes=\"(min-width: 0px) and (max-width: 480px) 480px, (min-width: 481px) 879px, 100vw\" class=\"wp-image-9746559\" title=\"AF_TA25_logo-negre72pp (1)\" \/><\/span><\/a><\/div><\/div><\/div><\/div>","protected":false},"excerpt":{"rendered":"","protected":false},"author":10,"featured_media":0,"parent":0,"menu_order":0,"comment_status":"closed","ping_status":"closed","template":"","meta":{"_acf_changed":false,"_price":"","_stock":"","_tribe_ticket_header":"","_tribe_default_ticket_provider":"","_tribe_ticket_capacity":"0","_ticket_start_date":"","_ticket_end_date":"","_tribe_ticket_show_description":"","_tribe_ticket_show_not_going":false,"_tribe_ticket_use_global_stock":"","_tribe_ticket_global_stock_level":"","_global_stock_mode":"","_global_stock_cap":"","_tribe_rsvp_for_event":"","_tribe_ticket_going_count":"","_tribe_ticket_not_going_count":"","_tribe_tickets_list":"[]","_tribe_ticket_has_attendee_info_fields":false,"footnotes":"","_tec_slr_enabled":"","_tec_slr_layout":""},"class_list":["post-761","page","type-page","status-publish","hentry"],"acf":[],"ticketed":false,"_links":{"self":[{"href":"https:\/\/escenografia.etlds.site\/es\/wp-json\/wp\/v2\/pages\/761","targetHints":{"allow":["GET"]}}],"collection":[{"href":"https:\/\/escenografia.etlds.site\/es\/wp-json\/wp\/v2\/pages"}],"about":[{"href":"https:\/\/escenografia.etlds.site\/es\/wp-json\/wp\/v2\/types\/page"}],"author":[{"embeddable":true,"href":"https:\/\/escenografia.etlds.site\/es\/wp-json\/wp\/v2\/users\/10"}],"replies":[{"embeddable":true,"href":"https:\/\/escenografia.etlds.site\/es\/wp-json\/wp\/v2\/comments?post=761"}],"version-history":[{"count":8,"href":"https:\/\/escenografia.etlds.site\/es\/wp-json\/wp\/v2\/pages\/761\/revisions"}],"predecessor-version":[{"id":9746812,"href":"https:\/\/escenografia.etlds.site\/es\/wp-json\/wp\/v2\/pages\/761\/revisions\/9746812"}],"wp:attachment":[{"href":"https:\/\/escenografia.etlds.site\/es\/wp-json\/wp\/v2\/media?parent=761"}],"curies":[{"name":"wp","href":"https:\/\/api.w.org\/{rel}","templated":true}]}}