{"id":888,"date":"2018-11-14T17:41:34","date_gmt":"2018-11-14T17:41:34","guid":{"rendered":"https:\/\/escenografia.etlds.site\/contacto\/"},"modified":"2026-02-09T23:20:04","modified_gmt":"2026-02-09T23:20:04","slug":"contacto","status":"publish","type":"page","link":"https:\/\/escenografia.etlds.site\/es\/contacto\/","title":{"rendered":"Contacto"},"content":{"rendered":"<div class=\"et_pb_section_0 et_pb_section et_section_regular et_block_section\"><div class=\"et_pb_row_0 et_pb_row et_block_row\"><div class=\"et_pb_column_0 et_pb_column et_pb_column_4_4 et-last-child et_block_column et_pb_css_mix_blend_mode_passthrough\"><div class=\"et_pb_slider_0 et_pb_slider et_pb_slider_fullwidth_off et_pb_module et_block_module\"><div class=\"et_pb_slides\"><div class=\"et_pb_slide_0 et_pb_slide et_pb_slider_with_overlay et_pb_media_alignment_center et_pb_bg_layout_dark\" data-slide-id=\"divi\/slide-0\"><div class=\"et_pb_slide_overlay_container\"><\/div><div class=\"et_pb_container\"><div class=\"et_pb_slider_container_inner\"><div class=\"et_pb_slide_description\"><h2 class=\"et_pb_slide_title\">Contacto<\/h2><\/div><\/div><\/div><\/div><\/div><\/div><\/div><\/div><div class=\"et_pb_row_1 et_pb_row et_block_row\"><div class=\"et_pb_column_1 et_pb_column et_pb_column_4_4 et-last-child et_block_column et_pb_css_mix_blend_mode_passthrough\"><div class=\"et_pb_text_0 et_pb_text et_pb_bg_layout_light et_pb_module et_block_module et_pb_text_align_center\"><div class=\"et_pb_text_inner\"><p><strong>Espect\u00e1culo:\u00a0<\/strong> CHICHA MONTENEGRO GALLERY\u00a0 \u00a0<strong> Escenograf\u00eda y Vestuario:\u00a0\u00a0<\/strong>MONTSE Amen\u00f3s\u00a0 \u00a0 I<strong>luminaci\u00f3n: <\/strong>Samantha Lee\u00a0 \u00a0 D<strong>irecci\u00f3n:<\/strong>\u00a0 Carles Santos\u00a0 \u00a0\u00a0<strong>Fotograf\u00eda:\u00a0\u00a0<\/strong>Ros Ribas<\/p>\n<\/div><\/div><\/div><\/div><\/div><div class=\"et_pb_section_1 et_pb_section et_section_regular et_block_section\"><div class=\"et_pb_row_2 et_pb_row et_block_row\"><div class=\"et_pb_column_2 et_pb_column et_pb_column_1_2 et_block_column et_pb_css_mix_blend_mode_passthrough\"><div class=\"et_pb_text_1 et_pb_text et_pb_bg_layout_light et_pb_module et_block_module et_pb_text_align_left-phone\"><div class=\"et_pb_text_inner\"><div class=\"hover-bio-wrapper\">\n<div class=\"hover-bio\">\n<figure class=\"hover-bio\"><img decoding=\"async\" src=\"https:\/\/escenografia.etlds.site\/wp-content\/uploads\/2019\/07\/9-VORONIA-2013.jpg\"><\/p><figcaption>\n<h3>VORONIA<\/h3>\n<p>Escenografia: ENRIC PLANAS<br \/> Iluminaci\u00f3n: Albert Faura<br \/> Cia. La Veronal<br \/> Direcci\u00f3n: Marcos Morau<br \/> Fotograf\u00eda: Edu P\u00e9rez<\/p>\n<\/figcaption><\/figure>\n<\/div>\n<\/div>\n<\/div><\/div><\/div><div class=\"et_pb_column_3 et_pb_column et_pb_column_1_2 et-last-child et_block_column et_pb_css_mix_blend_mode_passthrough\"><div class=\"et_pb_contact_form_0 et_pb_contact_form_container clearfix et_pb_module et_flex_module\" data-form_unique_num=\"0\" data-form_unique_id=\"336bef29-2f3c-4308-9ae9-8f255ef15f31\" id=\"et_pb_contact_form_0\"><h1 class=\"et_pb_contact_main_title\">cont\u00e1ctenos<\/h1><div class=\"et-pb-contact-message\"><\/div><div class=\"et_pb_contact\"><form class=\"et_pb_contact_form et_flex_module\" method=\"post\" action=\"https:\/\/escenografia.etlds.site\/es\/wp-json\/wp\/v2\/pages\/888\"><div class=\"et_pb_contact_field_0 et_pb_contact_field et_pb_module et_flex_module et_flex_column_12_24 et_flex_column_12_24_tablet et_flex_column_12_24_phone\" data-id=\"nombre\" data-type=\"input\"><label class=\"et_pb_contact_form_label\" for=\"et_pb_contact_0_nombre_0\">Nombre<\/label><input type=\"text\" name=\"et_pb_contact_0_nombre_0\" id=\"et_pb_contact_0_nombre_0\" class=\"input\" data-required_mark=\"required\" data-field_type=\"input\" data-original_id=\"nombre\" placeholder=\"Nombre\" title=\"\" value=\"\" \/><\/div><div class=\"et_pb_contact_field_1 et_pb_contact_field et_pb_module et_flex_module et_flex_column_12_24 et_flex_column_12_24_tablet et_flex_column_12_24_phone\" data-id=\"poblacion\" data-type=\"input\"><label class=\"et_pb_contact_form_label\" for=\"et_pb_contact_0_poblacion_1\">Poblaci\u00f3n<\/label><input type=\"text\" name=\"et_pb_contact_0_poblacion_1\" id=\"et_pb_contact_0_poblacion_1\" class=\"input\" data-required_mark=\"required\" data-field_type=\"input\" data-original_id=\"poblacion\" placeholder=\"Poblaci\u00f3n\" title=\"\" value=\"\" \/><\/div><div class=\"et_pb_contact_field_2 et_pb_contact_field et_pb_module et_flex_module et_flex_column_12_24 et_flex_column_12_24_tablet et_flex_column_12_24_phone\" data-id=\"telefono\" data-type=\"input\"><label class=\"et_pb_contact_form_label\" for=\"et_pb_contact_0_telefono_2\">Tel\u00e9fono<\/label><input type=\"text\" name=\"et_pb_contact_0_telefono_2\" id=\"et_pb_contact_0_telefono_2\" class=\"input\" data-required_mark=\"required\" data-field_type=\"input\" data-original_id=\"telefono\" placeholder=\"Tel\u00e9fono\" title=\"\" value=\"\" \/><\/div><div class=\"et_pb_contact_field_3 et_pb_contact_field et_pb_module et_flex_module et_flex_column_12_24 et_flex_column_12_24_tablet et_flex_column_12_24_phone\" data-id=\"email\" data-type=\"email\"><label class=\"et_pb_contact_form_label\" for=\"et_pb_contact_0_email_3\">Email<\/label><input type=\"text\" name=\"et_pb_contact_0_email_3\" id=\"et_pb_contact_0_email_3\" class=\"input\" data-required_mark=\"required\" data-field_type=\"email\" data-original_id=\"email\" placeholder=\"Email\" title=\"\" value=\"\" \/><\/div><div class=\"et_pb_contact_field_4 et_pb_contact_field et_pb_module et_flex_module et_flex_column_24_24 et_flex_column_24_24_tablet et_flex_column_24_24_phone\" data-id=\"mensaje\" data-type=\"text\"><label class=\"et_pb_contact_form_label\" for=\"et_pb_contact_0_mensaje_4\">Comentario<\/label><textarea name=\"et_pb_contact_0_mensaje_4\" id=\"et_pb_contact_0_mensaje_4\" class=\"et_pb_contact_message input\" data-required_mark=\"required\" data-field_type=\"text\" data-original_id=\"mensaje\" placeholder=\"Comentario\"><\/textarea><\/div><div class=\"et_pb_contact_field_5 et_pb_contact_field et_pb_module et_flex_module et_flex_column_24_24 et_flex_column_24_24_tablet et_flex_column_24_24_phone\" data-id=\"consentimiento\" data-type=\"checkbox\"><label class=\"et_pb_contact_form_label\">Pol\u00edtica de privacidad<\/label><input type=\"hidden\" name=\"et_pb_contact_0_consentimiento_5\" class=\"et_pb_checkbox_handle\" data-required_mark=\"required\" data-field_type=\"checkbox\" data-original_id=\"consentimiento\" \/><span class=\"et_pb_contact_field_options_wrapper\"><span class=\"et_pb_contact_field_options_title\">Pol\u00edtica de privacidad<\/span><span class=\"et_pb_contact_field_options_list\"><span class=\"et_pb_contact_field_checkbox\"><input type=\"checkbox\" id=\"et_pb_contact_0_consentimiento_5_0\" class=\"input\" value=\"He leido y acepto la Pol\u00edtica privacidad\" data-required_mark=\"required\" data-field_type=\"checkbox\" data-original_id=\"consentimiento\" \/><label for=\"et_pb_contact_0_consentimiento_5_0\"><i><\/i>He leido y acepto la Pol\u00edtica privacidad <a target=\"_blank\" href=\"https:\/\/escenografia.etlds.site\/?page_id=3&#038;preview=true\"><\/a><\/label><\/span><\/span><\/span><\/div><input type=\"hidden\" name=\"et_pb_contactform_submit_336bef29-2f3c-4308-9ae9-8f255ef15f31\" value=\"et_contact_proccess\" \/><div class=\"et_contact_bottom_container\"><div class=\"et_pb_contact_right et_pb_contact_field\"><p class=\"clearfix\"><span class=\"et_pb_contact_captcha_question\">13 + 5<\/span> = <input type=\"text\" size=\"2\" class=\"input et_pb_contact_captcha\" data-first_digit=\"13\" data-second_digit=\"5\" data-required_mark=\"required\" name=\"et_pb_contact_captcha_336bef29-2f3c-4308-9ae9-8f255ef15f31\" autocomplete=\"off\" \/><\/p><\/div><div class=\"et_pb_button_wrapper\"><button type=\"submit\" name=\"et_builder_submit_button\" class=\"et_pb_button et_pb_contact_submit\">Enviar<\/button><\/div><\/div><input type=\"hidden\" id=\"_wpnonce-et-pb-contact-form-submitted-336bef29-2f3c-4308-9ae9-8f255ef15f31\" name=\"_wpnonce-et-pb-contact-form-submitted-336bef29-2f3c-4308-9ae9-8f255ef15f31\" value=\"e27309a720\" \/><input type=\"hidden\" name=\"_wp_http_referer\" value=\"\/es\/wp-json\/wp\/v2\/pages\/888\" \/><\/form><\/div><\/div><div class=\"et_pb_text_2 et_pb_text et_pb_bg_layout_light et_pb_module et_block_module\"><div class=\"et_pb_text_inner\"><p><strong>Responsable:<\/strong> <span>Asociaci\u00f3n de Escen\u00f3grafos de Catalu\u00f1a.<br \/>\n<\/span> <strong>Finalidad:<\/strong> <span>recopilaci\u00f3n de datos personales para<br \/>\natender su solicitud.\u00a0 \u00a0 \u00a0 \u00a0<\/span><br \/>\n<strong style=\"font-size: 14px;\">Legitimaci\u00f3n:<\/strong><span style=\"font-size: 14px;\"> <\/span><span style=\"font-size: 14px;\">Consentimiento del interesado.<\/span><span style=\"font-size: 14px;\"><\/span><br \/>\n<strong> Destinatarios:<\/strong> <span>No se ceder\u00e1n datos a terceros, \u00fanicamente en caso de obligaci\u00f3n legal.<br \/>\n<\/span> <strong>Derechos:<\/strong> <span>Acceder, rectificar o eliminar datos, as\u00ed como otros derechos, como se explica en la informaci\u00f3n adicional.<\/span><\/p>\n<\/div><\/div><\/div><\/div><\/div>","protected":false},"excerpt":{"rendered":"","protected":false},"author":10,"featured_media":0,"parent":0,"menu_order":0,"comment_status":"closed","ping_status":"closed","template":"","meta":{"_acf_changed":false,"_price":"","_stock":"","_tribe_ticket_header":"","_tribe_default_ticket_provider":"","_tribe_ticket_capacity":"0","_ticket_start_date":"","_ticket_end_date":"","_tribe_ticket_show_description":"","_tribe_ticket_show_not_going":false,"_tribe_ticket_use_global_stock":"","_tribe_ticket_global_stock_level":"","_global_stock_mode":"","_global_stock_cap":"","_tribe_rsvp_for_event":"","_tribe_ticket_going_count":"","_tribe_ticket_not_going_count":"","_tribe_tickets_list":"[]","_tribe_ticket_has_attendee_info_fields":false,"footnotes":"","_tec_slr_enabled":"","_tec_slr_layout":""},"class_list":["post-888","page","type-page","status-publish","hentry"],"acf":[],"ticketed":false,"_links":{"self":[{"href":"https:\/\/escenografia.etlds.site\/es\/wp-json\/wp\/v2\/pages\/888","targetHints":{"allow":["GET"]}}],"collection":[{"href":"https:\/\/escenografia.etlds.site\/es\/wp-json\/wp\/v2\/pages"}],"about":[{"href":"https:\/\/escenografia.etlds.site\/es\/wp-json\/wp\/v2\/types\/page"}],"author":[{"embeddable":true,"href":"https:\/\/escenografia.etlds.site\/es\/wp-json\/wp\/v2\/users\/10"}],"replies":[{"embeddable":true,"href":"https:\/\/escenografia.etlds.site\/es\/wp-json\/wp\/v2\/comments?post=888"}],"version-history":[{"count":6,"href":"https:\/\/escenografia.etlds.site\/es\/wp-json\/wp\/v2\/pages\/888\/revisions"}],"predecessor-version":[{"id":9746826,"href":"https:\/\/escenografia.etlds.site\/es\/wp-json\/wp\/v2\/pages\/888\/revisions\/9746826"}],"wp:attachment":[{"href":"https:\/\/escenografia.etlds.site\/es\/wp-json\/wp\/v2\/media?parent=888"}],"curies":[{"name":"wp","href":"https:\/\/api.w.org\/{rel}","templated":true}]}}